{"id":17909,"date":"2024-01-04T14:38:57","date_gmt":"2024-01-04T14:38:57","guid":{"rendered":"https:\/\/led-oro.com\/riesenia-osvetlenia\/"},"modified":"2024-06-04T14:52:31","modified_gmt":"2024-06-04T14:52:31","slug":"riesenia-osvetlenia","status":"publish","type":"page","link":"https:\/\/led-oro.com\/sk\/riesenia-osvetlenia\/","title":{"rendered":"Rie\u0161enia osvetlenia"},"content":{"rendered":"<p>[et_pb_section fb_built=&#8220;1&#8243; fullwidth=&#8220;on&#8220; _builder_version=&#8220;4.23.1&#8243; _module_preset=&#8220;default&#8220; hover_transition_duration=&#8220;10ms&#8220; hover_transition_delay=&#8220;10ms&#8220; locked=&#8220;off&#8220; global_colors_info=&#8220;{}&#8220;][et_pb_fullwidth_slider _builder_version=&#8220;4.24.3&#8243; _module_preset=&#8220;default&#8220; header_font=&#8220;Montserrat|800|||||||&#8220; header_text_color=&#8220;#FFFFFF&#8220; header_font_size=&#8220;44px&#8220; header_line_height=&#8220;1.1em&#8220; body_font=&#8220;Open Sans|600|||||||&#8220; body_text_color=&#8220;#FFFFFF&#8220; body_font_size=&#8220;16px&#8220; custom_button=&#8220;on&#8220; module_alignment=&#8220;center&#8220; content_width=&#8220;60%&#8220; custom_margin=&#8220;||||false|false&#8220; auto=&#8220;on&#8220; hover_transition_duration=&#8220;200ms&#8220; scroll_vertical_motion=&#8220;0|47|47|100|4|0|-4&#8243; scroll_horizontal_motion=&#8220;0|49|49|100|4|0|-4&#8243; scroll_fade=&#8220;0|51|51|100|0|100|100&#8243; motion_trigger_start=&#8220;top&#8220; hover_enabled=&#8220;0&#8243; global_colors_info=&#8220;{}&#8220; sticky_enabled=&#8220;0&#8243;][et_pb_slide heading=&#8220;Rie\u0161enia osvetlenia&#8220; button_link=&#8220;https:\/\/led-oro.com\/oprawy-liniowe-led\/&#8220; _builder_version=&#8220;4.24.3&#8243; _module_preset=&#8220;default&#8220; header_font=&#8220;Montserrat|800|||||||&#8220; body_font=&#8220;Open Sans||||||||&#8220; background_image=&#8220;https:\/\/led-oro.com\/wp-content\/uploads\/2023\/05\/AdobeStock_328277646-scaled.jpeg&#8220; background_enable_image=&#8220;on&#8220; background_enable_mask_style=&#8220;on&#8220; background_mask_style=&#8220;diagonal&#8220; background_mask_color=&#8220;rgba(20,65,66,0.56)&#8220; background_mask_size=&#8220;custom&#8220; background_mask_width=&#8220;2000%&#8220; custom_button=&#8220;on&#8220; button_text_size=&#8220;15px&#8220; button_text_color=&#8220;#144142&#8243; button_bg_color=&#8220;#bed73b&#8220; button_border_width=&#8220;12px&#8220; button_border_color=&#8220;RGBA(255,255,255,0)&#8220; button_border_radius=&#8220;0px&#8220; button_letter_spacing=&#8220;1px&#8220; button_font=&#8220;Roboto|||on|||||&#8220; button_use_icon=&#8220;off&#8220; hover_transition_duration=&#8220;100ms&#8220; hover_enabled=&#8220;0&#8243; global_colors_info=&#8220;{}&#8220; button_text_color__hover=&#8220;#181818&#8243; button_text_color__hover_enabled=&#8220;on|hover&#8220; button_bg_color__hover=&#8220;#FFFFFF&#8220; button_bg_color__hover_enabled=&#8220;on|hover&#8220; button_border_color__hover=&#8220;#FFFFFF&#8220; button_border_color__hover_enabled=&#8220;on|hover&#8220; sticky_transition=&#8220;on&#8220; sticky_enabled=&#8220;0&#8243;]<\/p>\n<p>Rie\u0161enia osvetlenia integruj\u00fa technol\u00f3gie, ako je osvetlenie WiFi, sn\u00edma\u010de pohybu, ovl\u00e1da\u010de a zdroje nap\u00e1jania, s cie\u013eom vytvori\u0165 efekt\u00edvne syst\u00e9my osvetlenia. Umo\u017e\u0148uj\u00fa dia\u013ekov\u00e9 ovl\u00e1danie, \u0161etria energiu a zvy\u0161uj\u00fa bezpe\u010dnos\u0165 inteligentn\u00fdm prisp\u00f4soben\u00edm svetla potreb\u00e1m pou\u017e\u00edvate\u013eov. Pomocou nich mo\u017eno vytvori\u0165 individu\u00e1lne sveteln\u00e9 prostredie, ktor\u00e9 zvy\u0161uje komfort a pohodlie a z\u00e1rove\u0148 \u0161etr\u00ed energiu.<\/p>\n<p>[\/et_pb_slide][\/et_pb_fullwidth_slider][\/et_pb_section][et_pb_section fb_built=&#8220;1&#8243; admin_label=&#8220;TBVS &#8211; Light &#8211; Features 6&#8243; module_class=&#8220;tbvs-section-light&#8220; _builder_version=&#8220;4.16&#8243; _module_preset=&#8220;default&#8220; locked=&#8220;off&#8220; global_colors_info=&#8220;{}&#8220;][et_pb_row column_structure=&#8220;1_3,1_3,1_3&#8243; _builder_version=&#8220;4.23.4&#8243; _module_preset=&#8220;default&#8220; locked=&#8220;off&#8220; global_colors_info=&#8220;{}&#8220;][et_pb_column type=&#8220;1_3&#8243; _builder_version=&#8220;4.22.2&#8243; _module_preset=&#8220;default&#8220; global_colors_info=&#8220;{}&#8220;][et_pb_blurb title=&#8220;WIFI OSVETLENIE&#8220; url=&#8220;https:\/\/led-oro.com\/oswietlenie-wifi\/&#8220; image=&#8220;https:\/\/led-oro.com\/wp-content\/uploads\/2023\/11\/ORO-CERES-WIFI-DRIVE-18W-CCT-foto.jpg&#8220; image_icon_width=&#8220;200px&#8220; module_class=&#8220;tbvs-blurb&#8220; _builder_version=&#8220;4.23.4&#8243; _module_preset=&#8220;default&#8220; header_font=&#8220;Montserrat|800|||||||&#8220; header_text_align=&#8220;center&#8220; header_text_color=&#8220;#144142&#8243; header_font_size=&#8220;18px&#8220; body_font=&#8220;Open Sans||||||||&#8220; body_text_align=&#8220;center&#8220; body_text_color=&#8220;#345456&#8243; link_option_url=&#8220;https:\/\/led-oro.com\/oswietlenie-wifi\/&#8220; icon_font_size=&#8220;32px&#8220; global_colors_info=&#8220;{}&#8220; header_text_color__hover_enabled=&#8220;on|hover&#8220; header_text_color__hover=&#8220;#bed73b&#8220;][\/et_pb_blurb][\/et_pb_column][et_pb_column type=&#8220;1_3&#8243; _builder_version=&#8220;4.22.2&#8243; _module_preset=&#8220;default&#8220; global_colors_info=&#8220;{}&#8220;][et_pb_blurb title=&#8220;SN\u00cdMA\u010cE POHYBU&#8220; url=&#8220;https:\/\/led-oro.com\/czujniki-ruchu\/&#8220; image=&#8220;https:\/\/led-oro.com\/wp-content\/uploads\/2024\/01\/ORO12006_5901752719385_ORO-SENSO-MIC-1_1.png&#8220; image_icon_width=&#8220;200px&#8220; module_class=&#8220;tbvs-blurb&#8220; _builder_version=&#8220;4.23.4&#8243; _module_preset=&#8220;default&#8220; header_font=&#8220;Montserrat|800|||||||&#8220; header_text_align=&#8220;center&#8220; header_text_color=&#8220;#144142&#8243; header_font_size=&#8220;18px&#8220; body_font=&#8220;Open Sans||||||||&#8220; body_text_align=&#8220;center&#8220; body_text_color=&#8220;#345456&#8243; link_option_url=&#8220;https:\/\/led-oro.com\/czujniki-ruchu\/&#8220; icon_font_size=&#8220;32px&#8220; global_colors_info=&#8220;{}&#8220; header_text_color__hover_enabled=&#8220;on|hover&#8220; header_text_color__hover=&#8220;#bed73b&#8220;][\/et_pb_blurb][\/et_pb_column][et_pb_column type=&#8220;1_3&#8243; _builder_version=&#8220;4.22.2&#8243; _module_preset=&#8220;default&#8220; global_colors_info=&#8220;{}&#8220;][et_pb_blurb title=&#8220;RIADIACE JEDNOTKY A NAP\u00c1JACIE ZDROJE&#8220; url=&#8220;https:\/\/led-oro.com\/sterowniki-i-zasilacze\/&#8220; image=&#8220;https:\/\/led-oro.com\/wp-content\/uploads\/2024\/01\/ORO15085_5902533197880_ORO-DRIVER-12V-60W-IP20_1.png&#8220; image_icon_width=&#8220;200px&#8220; module_class=&#8220;tbvs-blurb&#8220; _builder_version=&#8220;4.23.4&#8243; _module_preset=&#8220;default&#8220; header_font=&#8220;Montserrat|800|||||||&#8220; header_text_align=&#8220;center&#8220; header_text_color=&#8220;#144142&#8243; header_font_size=&#8220;18px&#8220; body_font=&#8220;Open Sans||||||||&#8220; body_text_align=&#8220;center&#8220; body_text_color=&#8220;#345456&#8243; link_option_url=&#8220;https:\/\/led-oro.com\/sterowniki-i-zasilacze\/&#8220; icon_font_size=&#8220;32px&#8220; global_colors_info=&#8220;{}&#8220; header_text_color__hover_enabled=&#8220;on|hover&#8220; header_text_color__hover=&#8220;#bed73b&#8220;][\/et_pb_blurb][\/et_pb_column][\/et_pb_row][\/et_pb_section][et_pb_section fb_built=&#8220;1&#8243; admin_label=&#8220;TBVS &#8211; Light &#8211; Content 6&#8243; module_class=&#8220;tbvs-section-light&#8220; _builder_version=&#8220;4.16&#8243; _module_preset=&#8220;default&#8220; background_color=&#8220;#003035&#8243; use_background_color_gradient=&#8220;on&#8220; background_color_gradient_stops=&#8220;rgba(52,84,86,0.54) 1%|#003035 46%&#8220; locked=&#8220;off&#8220; global_colors_info=&#8220;{}&#8220;][et_pb_row column_structure=&#8220;1_2,1_2&#8243; _builder_version=&#8220;4.16&#8243; _module_preset=&#8220;default&#8220; global_colors_info=&#8220;{}&#8220;][et_pb_column type=&#8220;1_2&#8243; _builder_version=&#8220;4.16&#8243; _module_preset=&#8220;default&#8220; custom_padding_tablet=&#8220;||30px||false|false&#8220; custom_padding_phone=&#8220;&#8220; custom_padding_last_edited=&#8220;on|tablet&#8220; global_colors_info=&#8220;{}&#8220;][et_pb_text _builder_version=&#8220;4.23.1&#8243; _module_preset=&#8220;default&#8220; header_3_font=&#8220;Montserrat|800|||||||&#8220; header_3_text_color=&#8220;#bed73b&#8220; header_3_font_size=&#8220;20px&#8220; header_3_line_height=&#8220;1.1em&#8220; custom_margin=&#8220;||5px||false|false&#8220; global_colors_info=&#8220;{}&#8220;]<\/p>\n<h3><span>Invest\u00edcia do kr\u00e1sy<br \/><\/span><\/h3>\n<p>[\/et_pb_text][et_pb_text _builder_version=&#8220;4.23.1&#8243; _module_preset=&#8220;default&#8220; header_2_font=&#8220;Montserrat|800|||||||&#8220; header_2_text_color=&#8220;#FFFFFF&#8220; header_2_font_size=&#8220;38px&#8220; header_2_line_height=&#8220;1.1em&#8220; global_colors_info=&#8220;{}&#8220;]<\/p>\n<h2>Rie\u0161enia osvetlenia<\/h2>\n<p>[\/et_pb_text][et_pb_text _builder_version=&#8220;4.23.1&#8243; _module_preset=&#8220;default&#8220; text_font=&#8220;Open Sans||||||||&#8220; text_text_color=&#8220;#FFFFFF&#8220; global_colors_info=&#8220;{}&#8220;]<\/p>\n<p>Na na\u0161ej webovej str\u00e1nke n\u00e1jdete \u0161irok\u00fd v\u00fdber dekorat\u00edvneho osvetlenia, ktor\u00e9 vytvor\u00ed jedine\u010dn\u00fa atmosf\u00e9ru a zv\u00fdrazn\u00ed kr\u00e1su ka\u017ed\u00e9ho priestoru.<\/p>\n<p>Pon\u00fakame r\u00f4zne rie\u0161enia osvetlenia, ktor\u00e9 s\u00fa ide\u00e1lne na v\u00fdzdobu obytn\u00fdch, komer\u010dn\u00fdch alebo aj eventov\u00fdch interi\u00e9rov. Na\u0161e dekorat\u00edvne v\u00fdrobky s\u00fa k dispoz\u00edcii v r\u00f4znych \u0161t\u00fdloch, tvaroch, farb\u00e1ch a sveteln\u00fdch efektoch, \u010do v\u00e1m umo\u017en\u00ed kreat\u00edvne sk\u00fama\u0165 a vytv\u00e1ra\u0165 jedine\u010dn\u00e9 aran\u017em\u00e1ny.<\/p>\n<p>Pon\u00fakame dekorat\u00edvne LED svetl\u00e1, ktor\u00e9 v\u010faka ich mal\u00fdm rozmerom a flexibilite m\u00f4\u017eete \u013eahko prisp\u00f4sobi\u0165 r\u00f4znym povrchom a tvarom, aby ste dosiahli po\u017eadovan\u00fd efekt.<\/p>\n<p>[\/et_pb_text][\/et_pb_column][et_pb_column type=&#8220;1_2&#8243; _builder_version=&#8220;4.16&#8243; _module_preset=&#8220;default&#8220; global_colors_info=&#8220;{}&#8220;][et_pb_text _builder_version=&#8220;4.23.1&#8243; _module_preset=&#8220;default&#8220; text_font=&#8220;Open Sans||||||||&#8220; text_text_color=&#8220;#FFFFFF&#8220; global_colors_info=&#8220;{}&#8220;]<\/p>\n<p style=\"text-align: left;\">M\u00e1me r\u00f4zne typy LED p\u00e1sov, ktor\u00e9 mo\u017eno pou\u017ei\u0165 na osvetlenie pol\u00edc, kuchynsk\u00fdch pracovn\u00fdch dosiek, schodov alebo in\u00fdch architektonick\u00fdch prvkov. LED p\u00e1sy s\u00fa flexibiln\u00e9 a \u013eahko sa in\u0161taluj\u00fa, \u010do v\u00e1m d\u00e1va ve\u013ek\u00fa vo\u013enos\u0165 pri navrhovan\u00ed dekorat\u00edvneho osvetlenia.<\/p>\n<p style=\"text-align: left;\">Okrem toho pon\u00fakame aj dekorat\u00edvne LED \u017eiarovky, ktor\u00e9 maj\u00fa jedine\u010dn\u00e9 tvary a sveteln\u00e9 efekty. S\u00fa ide\u00e1lne pre \u0161t\u00fdlov\u00e9 lampy, svietniky alebo svietniky, ktor\u00e9 vytv\u00e1raj\u00fa v\u00fdrazn\u00e9 \u00fastredn\u00e9 body v miestnostiach.<\/p>\n<p style=\"text-align: left;\">Dekorat\u00edvne osvetlenie je dokonal\u00fdm sp\u00f4sobom, ako doda\u0165 v\u00e1\u0161mu domovu, kancel\u00e1rii, re\u0161taur\u00e1cii alebo hotelu k\u00fazlo a atmosf\u00e9ru. V\u010faka na\u0161ej \u0161irokej ponuke produktov m\u00f4\u017eete \u013eahko vyjadri\u0165 svoju kreativitu a prisp\u00f4sobi\u0165 osvetlenie svojmu vlastn\u00e9mu \u0161t\u00fdlu a preferenci\u00e1m.<\/p>\n<p style=\"text-align: left;\">Objavte na\u0161u kolekciu dekorat\u00edvneho osvetlenia na str\u00e1nke led-oro.com a vytvorte nezabudnute\u013en\u00fa atmosf\u00e9ru v ka\u017edom priestore. Vyu\u017eite silu svetla na zv\u00fdraznenie kr\u00e1sy svojich interi\u00e9rov a vytvorte jedine\u010dn\u00e9 vizu\u00e1lne z\u00e1\u017eitky pre seba a svojich host\u00ed.<\/p>\n<p>[\/et_pb_text][\/et_pb_column][\/et_pb_row][\/et_pb_section][et_pb_section fb_built=&#8220;1&#8243; admin_label=&#8220;TBVS &#8211; Dark &#8211; Call To Action 3&#8243; module_class=&#8220;tbvs-section-light&#8220; _builder_version=&#8220;4.22.2&#8243; _module_preset=&#8220;default&#8220; background_color=&#8220;#003035&#8243; use_background_color_gradient=&#8220;on&#8220; background_color_gradient_stops=&#8220;rgba(52,84,86,0.54) 1%|#003035 46%&#8220; locked=&#8220;off&#8220; global_colors_info=&#8220;{}&#8220;][et_pb_row column_structure=&#8220;1_2,1_2&#8243; _builder_version=&#8220;4.16&#8243; _module_preset=&#8220;default&#8220; global_colors_info=&#8220;{}&#8220;][et_pb_column type=&#8220;1_2&#8243; _builder_version=&#8220;4.16&#8243; _module_preset=&#8220;default&#8220; custom_padding_tablet=&#8220;||30px||false|false&#8220; custom_padding_phone=&#8220;&#8220; custom_padding_last_edited=&#8220;on|tablet&#8220; global_colors_info=&#8220;{}&#8220;][et_pb_text _builder_version=&#8220;4.24.0&#8243; _module_preset=&#8220;default&#8220; header_font_size=&#8220;50px&#8220; header_3_font=&#8220;Montserrat|800|||||||&#8220; header_3_font_size=&#8220;100px&#8220; header_3_line_height=&#8220;1.1em&#8220; background_layout=&#8220;dark&#8220; custom_margin=&#8220;||5px||false|false&#8220; global_colors_info=&#8220;{}&#8220;]<\/p>\n<h3>2024<\/h3>\n<p>[\/et_pb_text][et_pb_text _builder_version=&#8220;4.22.2&#8243; _module_preset=&#8220;default&#8220; header_2_font=&#8220;Montserrat|800|||||||&#8220; header_2_font_size=&#8220;38px&#8220; header_2_line_height=&#8220;1.1em&#8220; background_layout=&#8220;dark&#8220; global_colors_info=&#8220;{}&#8220;]<\/p>\n<h2>Katal\u00f3g ORO<\/h2>\n<p>[\/et_pb_text][et_pb_button button_url=&#8220;https:\/\/led-oro.com\/sk\/katalog-oro\/&#8220; button_text=&#8220;POZRI&#8220; button_alignment=&#8220;left&#8220; _builder_version=&#8220;4.24.0&#8243; _module_preset=&#8220;default&#8220; custom_button=&#8220;on&#8220; button_text_size=&#8220;15px&#8220; button_text_color=&#8220;#144142&#8243; button_bg_color=&#8220;#bed73b&#8220; button_border_width=&#8220;2px&#8220; button_border_color=&#8220;RGBA(255,255,255,0)&#8220; button_border_radius=&#8220;0px&#8220; button_letter_spacing=&#8220;1px&#8220; button_font=&#8220;Roboto|||on|||||&#8220; button_use_icon=&#8220;off&#8220; background_layout=&#8220;dark&#8220; custom_padding=&#8220;14px|32px|14px|32px|true|true&#8220; locked=&#8220;off&#8220; global_colors_info=&#8220;{}&#8220; button_bg_color__hover_enabled=&#8220;on|hover&#8220; button_bg_color__hover=&#8220;#FFFFFF&#8220; button_bg_enable_color__hover=&#8220;on&#8220; button_border_color__hover_enabled=&#8220;on|hover&#8220; button_border_color__hover=&#8220;#144142&#8243; button_text_color__hover_enabled=&#8220;on|hover&#8220; button_text_color__hover=&#8220;#181818&#8243;][\/et_pb_button][\/et_pb_column][et_pb_column type=&#8220;1_2&#8243; _builder_version=&#8220;4.16&#8243; _module_preset=&#8220;default&#8220; global_colors_info=&#8220;{}&#8220;][et_pb_image src=&#8220;https:\/\/led-oro.com\/wp-content\/uploads\/2024\/02\/mock-4.png&#8220; title_text=&#8220;mock 4&#8243; _builder_version=&#8220;4.24.0&#8243; _module_preset=&#8220;default&#8220; width=&#8220;100%&#8220; locked=&#8220;off&#8220; global_colors_info=&#8220;{}&#8220;][\/et_pb_image][\/et_pb_column][\/et_pb_row][\/et_pb_section]<\/p>\n","protected":false},"excerpt":{"rendered":"<p>Rie\u0161enia osvetlenia integruj\u00fa technol\u00f3gie, ako je osvetlenie WiFi, sn\u00edma\u010de pohybu, ovl\u00e1da\u010de a zdroje nap\u00e1jania, s cie\u013eom vytvori\u0165 efekt\u00edvne syst\u00e9my osvetlenia. Umo\u017e\u0148uj\u00fa dia\u013ekov\u00e9 ovl\u00e1danie, \u0161etria energiu a zvy\u0161uj\u00fa bezpe\u010dnos\u0165 inteligentn\u00fdm prisp\u00f4soben\u00edm svetla potreb\u00e1m pou\u017e\u00edvate\u013eov. Pomocou nich mo\u017eno vytvori\u0165 individu\u00e1lne sveteln\u00e9 prostredie, ktor\u00e9 zvy\u0161uje komfort a pohodlie a z\u00e1rove\u0148 \u0161etr\u00ed energiu.Invest\u00edcia do kr\u00e1syRie\u0161enia osvetleniaNa na\u0161ej webovej str\u00e1nke [&hellip;]<\/p>\n","protected":false},"author":1,"featured_media":0,"parent":0,"menu_order":0,"comment_status":"closed","ping_status":"closed","template":"","meta":{"_et_pb_use_builder":"on","_et_pb_old_content":"","_et_gb_content_width":"","footnotes":""},"class_list":["post-17909","page","type-page","status-publish","hentry"],"yoast_head":"<!-- This site is optimized with the Yoast SEO plugin v27.5 - https:\/\/yoast.com\/product\/yoast-seo-wordpress\/ -->\n<title>Rie\u0161enia osvetlenia - LED-ORO - O\u015bwietlenie LED | Lampy, Ta\u015bmy, \u0179r&oacute;d\u0142a \u015awiat\u0142a i wi\u0119cej<\/title>\n<meta name=\"robots\" content=\"index, follow, max-snippet:-1, max-image-preview:large, max-video-preview:-1\" \/>\n<link rel=\"canonical\" href=\"https:\/\/led-oro.com\/sk\/riesenia-osvetlenia\/\" \/>\n<meta property=\"og:locale\" content=\"sk_SK\" \/>\n<meta property=\"og:type\" content=\"article\" \/>\n<meta property=\"og:title\" content=\"Rie\u0161enia osvetlenia - LED-ORO - O\u015bwietlenie LED | Lampy, Ta\u015bmy, \u0179r&oacute;d\u0142a \u015awiat\u0142a i wi\u0119cej\" \/>\n<meta property=\"og:description\" content=\"Rie\u0161enia osvetlenia integruj\u00fa technol\u00f3gie, ako je osvetlenie WiFi, sn\u00edma\u010de pohybu, ovl\u00e1da\u010de a zdroje nap\u00e1jania, s cie\u013eom vytvori\u0165 efekt\u00edvne syst\u00e9my osvetlenia. Umo\u017e\u0148uj\u00fa dia\u013ekov\u00e9 ovl\u00e1danie, \u0161etria energiu a zvy\u0161uj\u00fa bezpe\u010dnos\u0165 inteligentn\u00fdm prisp\u00f4soben\u00edm svetla potreb\u00e1m pou\u017e\u00edvate\u013eov. Pomocou nich mo\u017eno vytvori\u0165 individu\u00e1lne sveteln\u00e9 prostredie, ktor\u00e9 zvy\u0161uje komfort a pohodlie a z\u00e1rove\u0148 \u0161etr\u00ed energiu.Invest\u00edcia do kr\u00e1syRie\u0161enia osvetleniaNa na\u0161ej webovej str\u00e1nke [&hellip;]\" \/>\n<meta property=\"og:url\" content=\"https:\/\/led-oro.com\/sk\/riesenia-osvetlenia\/\" \/>\n<meta property=\"og:site_name\" content=\"LED-ORO - O\u015bwietlenie LED | Lampy, Ta\u015bmy, \u0179r&oacute;d\u0142a \u015awiat\u0142a i wi\u0119cej\" \/>\n<meta property=\"article:publisher\" content=\"https:\/\/www.facebook.com\/LedPol\" \/>\n<meta property=\"article:modified_time\" content=\"2024-06-04T14:52:31+00:00\" \/>\n<meta name=\"twitter:card\" content=\"summary_large_image\" \/>\n<meta name=\"twitter:label1\" content=\"Predpokladan\u00fd \u010das \u010d\u00edtania\" \/>\n\t<meta name=\"twitter:data1\" content=\"8 min\u00fat\" \/>\n<script type=\"application\/ld+json\" class=\"yoast-schema-graph\">{\"@context\":\"https:\\\/\\\/schema.org\",\"@graph\":[{\"@type\":\"WebPage\",\"@id\":\"https:\\\/\\\/led-oro.com\\\/sk\\\/riesenia-osvetlenia\\\/\",\"url\":\"https:\\\/\\\/led-oro.com\\\/sk\\\/riesenia-osvetlenia\\\/\",\"name\":\"Rie\u0161enia osvetlenia - LED-ORO - O\u015bwietlenie LED | Lampy, Ta\u015bmy, \u0179r&oacute;d\u0142a \u015awiat\u0142a i wi\u0119cej\",\"isPartOf\":{\"@id\":\"https:\\\/\\\/led-oro.com\\\/sk\\\/main-page-en\\\/#website\"},\"datePublished\":\"2024-01-04T14:38:57+00:00\",\"dateModified\":\"2024-06-04T14:52:31+00:00\",\"breadcrumb\":{\"@id\":\"https:\\\/\\\/led-oro.com\\\/sk\\\/riesenia-osvetlenia\\\/#breadcrumb\"},\"inLanguage\":\"sk-SK\",\"potentialAction\":[{\"@type\":\"ReadAction\",\"target\":[\"https:\\\/\\\/led-oro.com\\\/sk\\\/riesenia-osvetlenia\\\/\"]}]},{\"@type\":\"BreadcrumbList\",\"@id\":\"https:\\\/\\\/led-oro.com\\\/sk\\\/riesenia-osvetlenia\\\/#breadcrumb\",\"itemListElement\":[{\"@type\":\"ListItem\",\"position\":1,\"name\":\"Home\",\"item\":\"https:\\\/\\\/led-oro.com\\\/sk\\\/\"},{\"@type\":\"ListItem\",\"position\":2,\"name\":\"Rie\u0161enia osvetlenia\"}]},{\"@type\":\"WebSite\",\"@id\":\"https:\\\/\\\/led-oro.com\\\/sk\\\/main-page-en\\\/#website\",\"url\":\"https:\\\/\\\/led-oro.com\\\/sk\\\/main-page-en\\\/\",\"name\":\"LED-ORO - O\u015bwietlenie LED | Lampy, Ta\u015bmy, \u0179r&oacute;d\u0142a \u015awiat\u0142a i wi\u0119cej\",\"description\":\"Tw&oacute;rz now\u0105 jako\u015b\u0107 \u015bwiat\u0142a - LED-ORO, Twoje o\u015bwietlenie przysz\u0142o\u015bci\",\"publisher\":{\"@id\":\"https:\\\/\\\/led-oro.com\\\/sk\\\/main-page-en\\\/#organization\"},\"potentialAction\":[{\"@type\":\"SearchAction\",\"target\":{\"@type\":\"EntryPoint\",\"urlTemplate\":\"https:\\\/\\\/led-oro.com\\\/sk\\\/main-page-en\\\/?s={search_term_string}\"},\"query-input\":{\"@type\":\"PropertyValueSpecification\",\"valueRequired\":true,\"valueName\":\"search_term_string\"}}],\"inLanguage\":\"sk-SK\"},{\"@type\":\"Organization\",\"@id\":\"https:\\\/\\\/led-oro.com\\\/sk\\\/main-page-en\\\/#organization\",\"name\":\"LED-POL Sp\u00f3\u0142ka z o.o. Sp.k.\",\"url\":\"https:\\\/\\\/led-oro.com\\\/sk\\\/main-page-en\\\/\",\"logo\":{\"@type\":\"ImageObject\",\"inLanguage\":\"sk-SK\",\"@id\":\"https:\\\/\\\/led-oro.com\\\/sk\\\/main-page-en\\\/#\\\/schema\\\/logo\\\/image\\\/\",\"url\":\"https:\\\/\\\/led-oro.com\\\/wp-content\\\/uploads\\\/2023\\\/05\\\/Logo-white-e1685435288505.png\",\"contentUrl\":\"https:\\\/\\\/led-oro.com\\\/wp-content\\\/uploads\\\/2023\\\/05\\\/Logo-white-e1685435288505.png\",\"width\":300,\"height\":43,\"caption\":\"LED-POL Sp\u00f3\u0142ka z o.o. Sp.k.\"},\"image\":{\"@id\":\"https:\\\/\\\/led-oro.com\\\/sk\\\/main-page-en\\\/#\\\/schema\\\/logo\\\/image\\\/\"},\"sameAs\":[\"https:\\\/\\\/www.facebook.com\\\/LedPol\"]}]}<\/script>\n<!-- \/ Yoast SEO plugin. -->","yoast_head_json":{"title":"Rie\u0161enia osvetlenia - LED-ORO - O\u015bwietlenie LED | Lampy, Ta\u015bmy, \u0179r&oacute;d\u0142a \u015awiat\u0142a i wi\u0119cej","robots":{"index":"index","follow":"follow","max-snippet":"max-snippet:-1","max-image-preview":"max-image-preview:large","max-video-preview":"max-video-preview:-1"},"canonical":"https:\/\/led-oro.com\/sk\/riesenia-osvetlenia\/","og_locale":"sk_SK","og_type":"article","og_title":"Rie\u0161enia osvetlenia - LED-ORO - O\u015bwietlenie LED | Lampy, Ta\u015bmy, \u0179r&oacute;d\u0142a \u015awiat\u0142a i wi\u0119cej","og_description":"Rie\u0161enia osvetlenia integruj\u00fa technol\u00f3gie, ako je osvetlenie WiFi, sn\u00edma\u010de pohybu, ovl\u00e1da\u010de a zdroje nap\u00e1jania, s cie\u013eom vytvori\u0165 efekt\u00edvne syst\u00e9my osvetlenia. Umo\u017e\u0148uj\u00fa dia\u013ekov\u00e9 ovl\u00e1danie, \u0161etria energiu a zvy\u0161uj\u00fa bezpe\u010dnos\u0165 inteligentn\u00fdm prisp\u00f4soben\u00edm svetla potreb\u00e1m pou\u017e\u00edvate\u013eov. Pomocou nich mo\u017eno vytvori\u0165 individu\u00e1lne sveteln\u00e9 prostredie, ktor\u00e9 zvy\u0161uje komfort a pohodlie a z\u00e1rove\u0148 \u0161etr\u00ed energiu.Invest\u00edcia do kr\u00e1syRie\u0161enia osvetleniaNa na\u0161ej webovej str\u00e1nke [&hellip;]","og_url":"https:\/\/led-oro.com\/sk\/riesenia-osvetlenia\/","og_site_name":"LED-ORO - O\u015bwietlenie LED | Lampy, Ta\u015bmy, \u0179r&oacute;d\u0142a \u015awiat\u0142a i wi\u0119cej","article_publisher":"https:\/\/www.facebook.com\/LedPol","article_modified_time":"2024-06-04T14:52:31+00:00","twitter_card":"summary_large_image","twitter_misc":{"Predpokladan\u00fd \u010das \u010d\u00edtania":"8 min\u00fat"},"schema":{"@context":"https:\/\/schema.org","@graph":[{"@type":"WebPage","@id":"https:\/\/led-oro.com\/sk\/riesenia-osvetlenia\/","url":"https:\/\/led-oro.com\/sk\/riesenia-osvetlenia\/","name":"Rie\u0161enia osvetlenia - LED-ORO - O\u015bwietlenie LED | Lampy, Ta\u015bmy, \u0179r&oacute;d\u0142a \u015awiat\u0142a i wi\u0119cej","isPartOf":{"@id":"https:\/\/led-oro.com\/sk\/main-page-en\/#website"},"datePublished":"2024-01-04T14:38:57+00:00","dateModified":"2024-06-04T14:52:31+00:00","breadcrumb":{"@id":"https:\/\/led-oro.com\/sk\/riesenia-osvetlenia\/#breadcrumb"},"inLanguage":"sk-SK","potentialAction":[{"@type":"ReadAction","target":["https:\/\/led-oro.com\/sk\/riesenia-osvetlenia\/"]}]},{"@type":"BreadcrumbList","@id":"https:\/\/led-oro.com\/sk\/riesenia-osvetlenia\/#breadcrumb","itemListElement":[{"@type":"ListItem","position":1,"name":"Home","item":"https:\/\/led-oro.com\/sk\/"},{"@type":"ListItem","position":2,"name":"Rie\u0161enia osvetlenia"}]},{"@type":"WebSite","@id":"https:\/\/led-oro.com\/sk\/main-page-en\/#website","url":"https:\/\/led-oro.com\/sk\/main-page-en\/","name":"LED-ORO - O\u015bwietlenie LED | Lampy, Ta\u015bmy, \u0179r&oacute;d\u0142a \u015awiat\u0142a i wi\u0119cej","description":"Tw&oacute;rz now\u0105 jako\u015b\u0107 \u015bwiat\u0142a - LED-ORO, Twoje o\u015bwietlenie przysz\u0142o\u015bci","publisher":{"@id":"https:\/\/led-oro.com\/sk\/main-page-en\/#organization"},"potentialAction":[{"@type":"SearchAction","target":{"@type":"EntryPoint","urlTemplate":"https:\/\/led-oro.com\/sk\/main-page-en\/?s={search_term_string}"},"query-input":{"@type":"PropertyValueSpecification","valueRequired":true,"valueName":"search_term_string"}}],"inLanguage":"sk-SK"},{"@type":"Organization","@id":"https:\/\/led-oro.com\/sk\/main-page-en\/#organization","name":"LED-POL Sp\u00f3\u0142ka z o.o. Sp.k.","url":"https:\/\/led-oro.com\/sk\/main-page-en\/","logo":{"@type":"ImageObject","inLanguage":"sk-SK","@id":"https:\/\/led-oro.com\/sk\/main-page-en\/#\/schema\/logo\/image\/","url":"https:\/\/led-oro.com\/wp-content\/uploads\/2023\/05\/Logo-white-e1685435288505.png","contentUrl":"https:\/\/led-oro.com\/wp-content\/uploads\/2023\/05\/Logo-white-e1685435288505.png","width":300,"height":43,"caption":"LED-POL Sp\u00f3\u0142ka z o.o. Sp.k."},"image":{"@id":"https:\/\/led-oro.com\/sk\/main-page-en\/#\/schema\/logo\/image\/"},"sameAs":["https:\/\/www.facebook.com\/LedPol"]}]}},"_links":{"self":[{"href":"https:\/\/led-oro.com\/sk\/wp-json\/wp\/v2\/pages\/17909","targetHints":{"allow":["GET"]}}],"collection":[{"href":"https:\/\/led-oro.com\/sk\/wp-json\/wp\/v2\/pages"}],"about":[{"href":"https:\/\/led-oro.com\/sk\/wp-json\/wp\/v2\/types\/page"}],"author":[{"embeddable":true,"href":"https:\/\/led-oro.com\/sk\/wp-json\/wp\/v2\/users\/1"}],"replies":[{"embeddable":true,"href":"https:\/\/led-oro.com\/sk\/wp-json\/wp\/v2\/comments?post=17909"}],"version-history":[{"count":2,"href":"https:\/\/led-oro.com\/sk\/wp-json\/wp\/v2\/pages\/17909\/revisions"}],"predecessor-version":[{"id":17911,"href":"https:\/\/led-oro.com\/sk\/wp-json\/wp\/v2\/pages\/17909\/revisions\/17911"}],"wp:attachment":[{"href":"https:\/\/led-oro.com\/sk\/wp-json\/wp\/v2\/media?parent=17909"}],"curies":[{"name":"wp","href":"https:\/\/api.w.org\/{rel}","templated":true}]}}